{"id":208,"date":"2020-02-03T18:17:56","date_gmt":"2020-02-03T17:17:56","guid":{"rendered":"http:\/\/kojen-am-kanal.de\/?page_id=208"},"modified":"2020-02-07T12:45:24","modified_gmt":"2020-02-07T11:45:24","slug":"sehestedt","status":"publish","type":"page","link":"https:\/\/kojen-am-kanal.de\/?page_id=208","title":{"rendered":"Sehestedt"},"content":{"rendered":"\n<figure class=\"wp-block-image size-large\"><img loading=\"lazy\" decoding=\"async\" width=\"1024\" height=\"576\" src=\"http:\/\/kojen-am-kanal.de\/wp-content\/uploads\/2020\/02\/Schiffe-Faehre-Sehestedt-whe-1024x576.jpg\" alt=\"\" class=\"wp-image-235\" srcset=\"https:\/\/kojen-am-kanal.de\/wp-content\/uploads\/2020\/02\/Schiffe-Faehre-Sehestedt-whe-1024x576.jpg 1024w, https:\/\/kojen-am-kanal.de\/wp-content\/uploads\/2020\/02\/Schiffe-Faehre-Sehestedt-whe-300x169.jpg 300w, https:\/\/kojen-am-kanal.de\/wp-content\/uploads\/2020\/02\/Schiffe-Faehre-Sehestedt-whe-768x432.jpg 768w, https:\/\/kojen-am-kanal.de\/wp-content\/uploads\/2020\/02\/Schiffe-Faehre-Sehestedt-whe.jpg 1067w\" sizes=\"auto, (max-width: 1024px) 100vw, 1024px\" \/><figcaption>Ganz dicht an der Schifffahrt<\/figcaption><\/figure>\n\n\n\n<p>Sehestedt, gerne auch als &#8222;Schleswig-Holsteins Perle am Nord-Ostsee-Kanal&#8220; bezeichnet, der kleine Ort an der meistbefahrenen k\u00fcnstlichen Schifffahrtstra\u00dfe weltweit hat sich mit den Jahren mehr und mehr zu einem prominenten Ausflugsziel in Schleswig-Holstein entwickelt. Unter der Woche ruhig und beschaulich, geht es insbesondere an den Wochenenden im Sommerhalbjahr deutlich belebter auf beiden Seiten des Nord-Ostsee-Kanals zu. Insbesondere gro\u00dfe Kreuzfahrtschiffe locken Besucher an, die zumeist mit Wohnmobil, Pkw, Motorrad oder Fahrrad anreisen. <\/p>\n\n\n\nngg_shortcode_0_placeholder\n\n\n\n<p>Anziehungspunkt sind die Schiffe, aber auch die tollen M\u00f6glichkeiten rund um den Ort und besonders den Kanal entlang spazieren zu gehen oder mit dem Fahrrad entspannt auf dem Leinpfad zu cruisen. Start- oder auch Endpunkt ist oft dabei der Sehestedter KanalTreff, der oberhalb des Wohnmobilparkplatzes den Kult-Imbiss, einen Dorfladen f\u00fcr die Lebensmittelnahversorgung und auch Gemeinschaftsr\u00e4ume f\u00fcr die Gemeinde bietet. Das KanalTreff-Geb\u00e4ude geh\u00f6rt genau so wie der Firmensitz der Denker &amp; Wulf AG, einem der f\u00fchrenden Windkraftunternehmen in Schleswig-Holstein, zu den architektonischen Highlights an der \u00f6stlichen Kanalstrecke.<\/p>\n\n\n\n<p>Sehestedt hat rund 850 Einwohner, geh\u00f6rt dem Amt H\u00fcttener Berge an, das sich regional mehr oder weniger mit dem Naturpark H\u00fcttener Berge deckt.  Von Sehestedt aus sind es nur knapp 15 Kilometer bis zu den herrlichen Str\u00e4nden Eckernf\u00f6rdes, die besonders im Sommer Urlauber und Tagesg\u00e4ste anlocken. (<a href=\"http:\/\/sehestedt.de\/\" target=\"_blank\" rel=\"noreferrer noopener\" aria-label=\"Link (\u00f6ffnet in neuem Tab)\">Link<\/a>)<\/p>\n\n\n\n<p><\/p>\n","protected":false},"excerpt":{"rendered":"<p>Sehestedt, gerne auch als &#8222;Schleswig-Holsteins Perle am Nord-Ostsee-Kanal&#8220; bezeichnet, der kleine Ort an der meistbefahrenen k\u00fcnstlichen Schifffahrtstra\u00dfe weltweit hat sich mit den Jahren mehr und mehr zu einem prominenten Ausflugsziel in Schleswig-Holstein entwickelt. Unter der Woche ruhig und beschaulich, geht <a href=\"https:\/\/kojen-am-kanal.de\/?page_id=208\" class=\"read-more\">Weiterlesen<\/a><\/p>\n","protected":false},"author":1,"featured_media":0,"parent":0,"menu_order":0,"comment_status":"closed","ping_status":"closed","template":"","meta":{"ngg_post_thumbnail":0,"footnotes":""},"class_list":["post-208","page","type-page","status-publish","hentry"],"_links":{"self":[{"href":"https:\/\/kojen-am-kanal.de\/index.php?rest_route=\/wp\/v2\/pages\/208","targetHints":{"allow":["GET"]}}],"collection":[{"href":"https:\/\/kojen-am-kanal.de\/index.php?rest_route=\/wp\/v2\/pages"}],"about":[{"href":"https:\/\/kojen-am-kanal.de\/index.php?rest_route=\/wp\/v2\/types\/page"}],"author":[{"embeddable":true,"href":"https:\/\/kojen-am-kanal.de\/index.php?rest_route=\/wp\/v2\/users\/1"}],"replies":[{"embeddable":true,"href":"https:\/\/kojen-am-kanal.de\/index.php?rest_route=%2Fwp%2Fv2%2Fcomments&post=208"}],"version-history":[{"count":10,"href":"https:\/\/kojen-am-kanal.de\/index.php?rest_route=\/wp\/v2\/pages\/208\/revisions"}],"predecessor-version":[{"id":411,"href":"https:\/\/kojen-am-kanal.de\/index.php?rest_route=\/wp\/v2\/pages\/208\/revisions\/411"}],"wp:attachment":[{"href":"https:\/\/kojen-am-kanal.de\/index.php?rest_route=%2Fwp%2Fv2%2Fmedia&parent=208"}],"curies":[{"name":"wp","href":"https:\/\/api.w.org\/{rel}","templated":true}]}}