{"id":44,"date":"2020-01-26T15:15:59","date_gmt":"2020-01-26T14:15:59","guid":{"rendered":"http:\/\/kojen-am-kanal.de\/?page_id=44"},"modified":"2025-11-11T15:00:59","modified_gmt":"2025-11-11T14:00:59","slug":"ferienwohnung-backbord","status":"publish","type":"page","link":"https:\/\/kojen-am-kanal.de\/?page_id=44","title":{"rendered":"Ferienwohnung Backbord"},"content":{"rendered":"\n<figure class=\"wp-block-image size-large\"><img loading=\"lazy\" decoding=\"async\" width=\"852\" height=\"600\" src=\"https:\/\/kojen-am-kanal.de\/wp-content\/uploads\/2020\/05\/IMG_20200504_150806-003.jpg\" alt=\"\" class=\"wp-image-355\" srcset=\"https:\/\/kojen-am-kanal.de\/wp-content\/uploads\/2020\/05\/IMG_20200504_150806-003.jpg 852w, https:\/\/kojen-am-kanal.de\/wp-content\/uploads\/2020\/05\/IMG_20200504_150806-003-300x211.jpg 300w, https:\/\/kojen-am-kanal.de\/wp-content\/uploads\/2020\/05\/IMG_20200504_150806-003-768x541.jpg 768w\" sizes=\"auto, (max-width: 852px) 100vw, 852px\" \/><figcaption class=\"wp-element-caption\">Lage der Ferienwohnungen<\/figcaption><\/figure>\n\n\n\nngg_shortcode_0_placeholder\n\n\n\n<p><strong>Die Ferienwohnung: Backbord liegt im Obergeschoss links, im vorderen Geb\u00e4ude direkt am Nord-Ostsee-Kanal <\/strong><\/p>\n\n\n\n<p>Fl\u00e4che:&nbsp; etwa 35 m2, Schlafm\u00f6glichkeiten: max. 3 Personen (1 Doppelbett, 1 Schlafcouch)<br>Haustiere: nein, Nichtraucher: ja, Allergiker: auf Anfrage<br>Langzeiturlaub: auf Anfrage, Familienurlaub: ja, Urlaub mit Baby: ja Urlaub mit Pferd: nein, Monteure: auf Anfrage<\/p>\n\n\n\n<p><strong>Umgebung:<\/strong><br>Gelegen im sch\u00f6nen Sehestedt am Nord-Ostsee-Kanal.<br>Entfernung Kiel: 22 km, Eckernf\u00f6rde: 11 km<br>Sackgassenlage, nahe Kirche, Pastorat, Dorfmuseum und Sehestedter Forst<\/p>\n\n\n\n<p><strong>Besondere Merkmale:<\/strong><br>Gelegen am Nord-Ostsee-Kanal, Fertigstellung des Hauses 4\/2020, moderner Stil <br>Gastronomie, Dorfladen mit frischen Br\u00f6tchen, Freizeitpark mit Boulebahn und Grillm\u00f6glichkeit, kostenloser F\u00e4hrbetrieb 24 \/ 7<\/p>\n\n\n\n<p><strong>Freizeitm\u00f6glichkeiten:<\/strong><br>Angeln,\n Fu\u00dfball, Museum, Sehensw\u00fcrdigkeiten, Wandern, Freizeitpark, V\u00f6gel und \nSchiffe beobachten, Radfahren, Joggen, Spielplatz, Nordic Walking, \nGrillen, Basketball <\/p>\n\n\n\n<p><strong>Weitere Freizeitm\u00f6glichkeiten:<\/strong><br>Baden in der Ostsee und shoppen in Eckernf\u00f6rde (11 km Entfernung)<\/p>\n\n\n\n<p><strong>Entfernungen in Kilometern:<\/strong><br>Arzt: 10, Bahnhof: 11, Bus: 1, Einkaufen: 0,5, NOK-F\u00e4hre: 0,2, Nachtleben: 22, Ortsmitte: 0,2, Restaurant: 0,2, Strand: 11,<\/p>\n\n\n\n<p><strong>Innen:<\/strong><br>Wohnzimmer im OG: &nbsp;SAT\/TV, Schlafsofa, Sessel und K\u00fcche<br>Schlafzimmer im OG: &nbsp;Doppelbett 160 x 200<br>K\u00fcche im Wohnzimmer: &nbsp;Ceran-Kochfeld mit 4 Platten, Backofen, K\u00fchlschrank, Geschirrsp\u00fcler <br>Badezimmer im OG:&nbsp; Dusche, WC, Spiegel, Waschbecken<\/p>\n\n\n\n<p><strong>Aussen:<\/strong><br>Loggia, Gartenm\u00f6bel, Sonnenschirm, abschlie\u00dfbare Fahrradbox f\u00fcr zwei Fahrr\u00e4der\/E-Bikes  <\/p>\n\n\n\n<p><strong>Allgemein:<\/strong>&nbsp; Feuermelder,  Parkplatz, Staubsauger, WLAN, Zentralheizung, warmes Wasser, W\u00e4scheservice<\/p>\n\n\n\n<p><strong>W\u00e4hrung: <\/strong>&nbsp;Euro, Preise pro Objekt bei Belegung mit zwei Personen<\/p>\n\n\n\n<p><strong>Basis-Preistabelle:<\/strong><br><strong>Hauptsaison<\/strong>:\u00a0\u00a0 <br>Preis pro Nacht:\u00a0 ab 115 Euro<br>Mindestaufenthalt: 1 Nacht<\/p>\n\n\n\n<p><strong>Nebensaison<\/strong>:\u00a0\u00a0 <br>Preis pro Nacht:\u00a0 ab 90 Euro<br>Mindestaufenthalt:\u00a0 1 Nacht<\/p>\n\n\n\n<p><strong>Nebenkosten<\/strong>: Endreinigung 65 Euro, Bettw\u00e4sche pro Person 18 Euro (optional)<br><strong>Mehrwertsteuer:<\/strong> Die Mehrwertsteuer ist in allen Betr\u00e4gen enthalten.<\/p>\n\n\n\n<p><strong>Anmerkungen:<\/strong><br>W\u00e4schepaket: 1 Badehandtuch,  2 Handt\u00fccher, 1 Duschvorleger, 1 Bettlaken,  1 Bettbezug<\/p>\n\n\n\n<p><strong>Stornierungsbedingungen:<\/strong><br>Lieber Gast, <br>da\n wir unsere &#8222;Kojen am Kanal&#8220;-Ferienwohnungen \u00fcber Airnb vermarkten \ngelten die dort jeweils ver\u00f6ffentlichten Stornierungsbedingungen.<\/p>\n\n\n\n<p><strong>M\u00f6gliche Anreisetage:<\/strong> fr\u00fcheste Anreise: 15 Uhr, sp\u00e4teste Abreise:&nbsp; 11 Uhr<\/p>\n\n\n\n<p><strong>Anschrift:<\/strong><br>Forstweg 8a, 24814 Sehestedt<br>Ansprechpartner: Holger Petersen als Vermieter<\/p>\n\n\n\n<p><strong>Servicezeiten:<\/strong><br>Montag bis Freitag 11.00 bis 18.00 Uhr<br>Email: holger(at)kojen-am-kanal<br>Mobil:  004916 22 77 8888\n\n<\/p>\n\n\n\n<hr class=\"wp-block-separator has-css-opacity\"\/>\n\n\n\n<h2 class=\"wp-block-heading\">Belegungskalender<\/h2>\n\n\n\n<div id=\"smoobuApartment487482de\" class=\"calendarWidget\"> <div class=\"calendarContent\" data-load-calendar-url=\"https:\/\/login.smoobu.com\/de\/cockpit\/widget\/single-calendar\/487482\" data-verification=\"fcb08e94fdeb109d9d43eb31e5777de4c53a2a8f88facd25c0e52bb0244129d8\" data-baseurl=\"https:\/\/login.smoobu.com\" data-disable-css=\"false\"><\/div> <script type=\"text\/javascript\" src=\"https:\/\/login.smoobu.com\/js\/Apartment\/CalendarWidget.js\"><\/script><\/div>\n\n\n\n<h1 class=\"wp-block-heading has-vivid-cyan-blue-color has-text-color\">Reservieren Sie hier!<\/h1>\n\n\n\n<p><\/p>\n\n\n\n<div id=\"booking-tool-container-apartment487482\">\n<script type=\"text\/javascript\" src=\"https:\/\/login.smoobu.com\/js\/Settings\/BookingToolIframe.js\"><\/script>\n<script>BookingToolIframe.initialize({\"url\": \"https:\/\/login.smoobu.com\/de\/booking-tool\/iframe\/135504\/487482\", \"baseUrl\": \"https:\/\/login.smoobu.com\", \"target\": \"#booking-tool-container-apartment487482\"})<\/script>\n<\/div>\n","protected":false},"excerpt":{"rendered":"<p>Die Ferienwohnung: Backbord liegt im Obergeschoss links, im vorderen Geb\u00e4ude direkt am Nord-Ostsee-Kanal Fl\u00e4che:&nbsp; etwa 35 m2, Schlafm\u00f6glichkeiten: max. 3 Personen (1 Doppelbett, 1 Schlafcouch)Haustiere: nein, Nichtraucher: ja, Allergiker: auf AnfrageLangzeiturlaub: auf Anfrage, Familienurlaub: ja, Urlaub mit Baby: ja Urlaub <a href=\"https:\/\/kojen-am-kanal.de\/?page_id=44\" class=\"read-more\">Weiterlesen<\/a><\/p>\n","protected":false},"author":1,"featured_media":0,"parent":46,"menu_order":4,"comment_status":"closed","ping_status":"closed","template":"","meta":{"ngg_post_thumbnail":0,"footnotes":""},"class_list":["post-44","page","type-page","status-publish","hentry"],"_links":{"self":[{"href":"https:\/\/kojen-am-kanal.de\/index.php?rest_route=\/wp\/v2\/pages\/44","targetHints":{"allow":["GET"]}}],"collection":[{"href":"https:\/\/kojen-am-kanal.de\/index.php?rest_route=\/wp\/v2\/pages"}],"about":[{"href":"https:\/\/kojen-am-kanal.de\/index.php?rest_route=\/wp\/v2\/types\/page"}],"author":[{"embeddable":true,"href":"https:\/\/kojen-am-kanal.de\/index.php?rest_route=\/wp\/v2\/users\/1"}],"replies":[{"embeddable":true,"href":"https:\/\/kojen-am-kanal.de\/index.php?rest_route=%2Fwp%2Fv2%2Fcomments&post=44"}],"version-history":[{"count":24,"href":"https:\/\/kojen-am-kanal.de\/index.php?rest_route=\/wp\/v2\/pages\/44\/revisions"}],"predecessor-version":[{"id":548,"href":"https:\/\/kojen-am-kanal.de\/index.php?rest_route=\/wp\/v2\/pages\/44\/revisions\/548"}],"up":[{"embeddable":true,"href":"https:\/\/kojen-am-kanal.de\/index.php?rest_route=\/wp\/v2\/pages\/46"}],"wp:attachment":[{"href":"https:\/\/kojen-am-kanal.de\/index.php?rest_route=%2Fwp%2Fv2%2Fmedia&parent=44"}],"curies":[{"name":"wp","href":"https:\/\/api.w.org\/{rel}","templated":true}]}}